{"id":10514,"date":"2018-06-04T08:48:09","date_gmt":"2018-06-04T08:48:09","guid":{"rendered":"https:\/\/zellsys.de\/?page_id=10514"},"modified":"2026-03-30T09:17:54","modified_gmt":"2026-03-30T09:17:54","slug":"startseite","status":"publish","type":"page","link":"https:\/\/zellsys.de\/de\/","title":{"rendered":"Startseite"},"content":{"rendered":"<p><\/p>\n<hr \/>\n<p>Zum 31.03.2026 endete unser Projekt ZellSys \u2013 Zellulare Energiesysteme zur Umgestaltung der Energieversorgung im suburbanen Raum.<br \/>\nIn den letzten dreieinhalb Jahren haben wir von der Professur f\u00fcr Geb\u00e4udeenergietechnik und W\u00e4rmeversorgung <a href=\"https:\/\/tu-dresden.de\/ing\/maschinenwesen\/iet\/gewv\">GEWV<\/a> gemeinsam mit regionalen Partnern und der Professur f\u00fcr Vernetzte Energiesysteme des <a href=\"https:\/\/tu-dresden.de\/ing\/elektrotechnik\/ieeh\/ev\">IEEH<\/a> daran gearbeitet, die Energiezukunft der Stadt Wittichenau ganzheitlich neu zu denken.<\/p>\n<p><strong>Wir danken allen B\u00fcrger*innen, kommunalen Akteuren und Projektpartnern f\u00fcr die enge Zusammenarbeit in den letzten Jahren.<\/strong><\/p>\n<hr \/>\n<p><strong>Was ZellSys besonders macht:<\/strong><br \/>\nW\u00e4hrend klassische Kommunale W\u00e4rmeplanung (KWP) sich prim\u00e4r auf W\u00e4rmeanalysen konzentriert, erweitert ZellSys diesen Ansatz um detaillierte elektroenergetische Betrachtungen.<br \/>\nDamit wird ZellSys zu einem Vorreiter der Kommunalen Energieplanung \u2013 ein integrierter Ansatz, der W\u00e4rme, Strom, PV Potenziale, E Mobilit\u00e4t und Netzfragen gemeinsam betrachtet.<\/p>\n<p>\ud83d\udcca Ein zentrales Projektergebnis: Der Energieatlas Wittichenau<br \/>\n\u2022 Er vereint W\u00e4rme  und Stromdaten, Geb\u00e4udemodelle, PV Eignung, Szenarien bis 2050 und Netzanalysen in einem einzigen Werkzeug.<br \/>\n\u2022 Ein wichtiges Fundament f\u00fcr strategische Energie  und Netzplanung.<\/p>\n<p>\ud83d\udce3 Weitere Projekterkenntnisse:<br \/>\n\u2022 Hochaufgel\u00f6ste Geb\u00e4udemodellierung (r\u00e4umlich &#038; zeitlich)<br \/>\n\u2022 W\u00e4rmebedarf, PV Potenziale, W\u00e4rmepumpen &#038; E Mobilit\u00e4t bis 2050<br \/>\n\u2022 100 stochastische Simulationen pro Szenario<br \/>\n\u2022 Sinkender W\u00e4rmebedarf, steigende elektrische Lasten<br \/>\n\u2022 PV Ausbau \u2192 h\u00f6here Einspeisung, aber zeitliche Diskrepanzen<br \/>\n\u2022 Netzengp\u00e4sse ab ca. 2035 in dichter besiedelten Bereichen<br \/>\n\u2022 \u00dcbergeordnete Infrastruktur \u00fcberwiegend ausreichend<\/p>\n<p>&nbsp;<\/p>\n<p>&nbsp;<\/p>\n<hr \/>\n<p>Zum 01.10.2022 war das Projekt \u201eZellSys &#8211; Zellulare Energiesysteme zur Umgestaltung der Energieversorgung im suburbanen Raum\u201c gestartet. Die TU Dresden war f\u00fcr das Projekt die ausf\u00fchrende Organisation und wurde von einem Experten- und Beraterkreis aus der Region um Wittichenau unterst\u00fctzt. Das Projekt ist Teil der Strukturwandlungsprojekte in der Lausitz und wird \u00fcber die BAFA \/ BMWE im Rahmen der Stark-Projektf\u00f6rderung mit 870 T\u20ac unterst\u00fctzt.<\/p>\n<p>Ziel des Projektes war die Erarbeitung eines Transferplans und einer Machbarkeitsstudie f\u00fcr die Umgestaltung der zuk\u00fcnftigen ganzheitlichen Energieversorgung im l\u00e4ndlichen Raum. Hierzu lag der spezielle Fokus auf der Gemeinde Wittichenau, welche an Hoyerswerda angrenzt. Das Projekt adressierte hierbei besonders die Sektorenkopplung zwischen thermischer und elektrischer Energieversorgung. Ebenfalls wurden der Mobilit\u00e4tsbereich sowie die Gasversorgung im Kontext eines beschleunigten Ausbaus erneuerbarer Energien mit in die Betrachtungen einbezogen.<\/p>\n<p>Unser Ziel war zudem, Sie transparent und verst\u00e4ndlich \u00fcber Fortschritte, Meilensteine und Entwicklungen des Projekts auf dem Laufenden zu halten. <\/p>\n<hr \/>\n<div class=\"wp-block-image\"><img loading=\"lazy\" decoding=\"async\" class=\"wpa-warning wpa-image-missing-alt size-full wp-image-12076 alignnone\" src=\"https:\/\/zellsys.de\/wp-content\/uploads\/kompr_karte6_stadtkern_wittichenau.png\" alt=\"\" width=\"3507\" height=\"2480\" data-warning=\"Missing alt text\" srcset=\"https:\/\/zellsys.de\/wp-content\/uploads\/kompr_karte6_stadtkern_wittichenau.png 3507w, https:\/\/zellsys.de\/wp-content\/uploads\/kompr_karte6_stadtkern_wittichenau-768x543.png 768w, https:\/\/zellsys.de\/wp-content\/uploads\/kompr_karte6_stadtkern_wittichenau-1536x1086.png 1536w, https:\/\/zellsys.de\/wp-content\/uploads\/kompr_karte6_stadtkern_wittichenau-2048x1448.png 2048w\" sizes=\"(max-width: 3507px) 100vw, 3507px\" \/><\/div>\n<div>Abb.: Geb\u00e4udeatlas f\u00fcr die Zelle Wittichenau<\/div>\n<div>\n<hr \/>\n<\/div>\n<p>Ein Schwerpunkt im Projekt lag auf der Informationsvernetzung unterschiedlicher energetischer Erzeugungs- und Verbrauchseinheiten. Im ersten Bearbeitungsschritt erfasste das Team der TU Dresden den Ist-Stand der energetischen Versorgungssituation in Wittichenau. Hierbei wurde ein Geb\u00e4udeatlas zur Bestimmung des thermischen Bedarfs der einzelnen Liegenschaften erstellt, welcher im weiteren Verlauf des Projektes mit dem elektrischen Netzplan sowie mit dem Plan f\u00fcr das Erdgasnetz verkn\u00fcpft wurde. Die Daten wurden hierf\u00fcr aus \u00f6ffentlich frei zug\u00e4nglichen Quellen \u00fcbernommen.<\/p>\n<p>In einem zweiten Schritt erfolgte die Analyse der Bev\u00f6lkerungssituation, die wirtschaftliche Entwicklung und der Verf\u00fcgbarkeit von Fl\u00e4chen zur energetischen Nutzung, wie z.B. Wind- oder Photovoltaik-Anlagen. Mit diesen grundlegenden Analysen wurde Zukunftsszenarien entwickelt, mit denen eine Umgestaltung des Energiesystems m\u00f6glich ist. Gro\u00dfen Wert lag das Team der TU Dresden hierbei auf die Einbindung institutioneller, lokaler Akteure sowie die Integration der Bev\u00f6lkerung in und um Wittichenau. Hierzu wurden verschiedene B\u00fcrgerbefragungen und Informationsveranstaltungen in der Region vorgenommen.<\/p>\n<p><strong>Im Abschluss des Transferprojektes ist eine Art \u201eBlaupause\u201c f\u00fcr den Transfer l\u00e4ndlich gepr\u00e4gter energetischer Strukturen entwickelt worden, die auf andere Regionen in Deutschland und Europa anwendbar ist.<\/strong><\/p>\n<hr \/>\n<p>Weiter zur inhaltlichen Erl\u00e4uterung, zum Hintergrund und was sind eigentlich zellulare Energiesysteme?<\/p>\n<p>Schauen Sie <strong><a href=\"https:\/\/zellsys.de\/de\/vision\/\">hier<\/a><\/strong>!<\/p>\n<hr \/>\n<p><strong>Bei Fragen oder Anregungen &#8211; schreiben Sie uns gern unter:\u00a0<\/strong><br \/>\nE-Mail:\u00a0<a href=\"mailto:info@zellsys.de\">info@zellsys.de<\/a><\/p>\n<p>&nbsp;<\/p>\n<p><b>Ansprechpartner im Projekt:<\/b><br \/>\nTU Dresden \/ Institut f\u00fcr Energietechnik<br \/>\nProf. Dr.-Ing. habil. J. Seifert<br \/>\nTel.: +49 (0) 351 463-34909<br \/>\n<a href=\"mailto:joachim.seifert@tu-dresden.de\">joachim.seifert@tu-dresden.de<\/a><\/p>\n<p>TU Dresden \/ Institut f\u00fcr Elektrische Energieversorgung und Hochspannungstech\u00adnik<br \/>\nProf. Dr.-Ing. Peter Schegner<br \/>\nTel.: +49 (0) 351 463-34374<br \/>\n<a href=\"mailto:peter.schegner@tu-dresden.de\">peter.schegner@tu-dresden.de<\/a><\/p>\n<p>&nbsp;<\/p>\n<p><em>Das Projekt ZellSys wird gef\u00f6rdert durch das Bundesministerium f\u00fcr Wirtschaft und Klimaschutz aufgrund eines Beschlusses des Deutschen Bundestages.<\/em><\/p>\n<p>&nbsp;<\/p>","protected":false},"excerpt":{"rendered":"<p>Zum 31.03.2026 endete unser Projekt ZellSys \u2013 Zellulare Energiesysteme zur Umgestaltung der Energieversorgung im suburbanen Raum. In den letzten dreieinhalb Jahren haben wir von der Professur f\u00fcr Geb\u00e4udeenergietechnik und W\u00e4rmeversorgung GEWV gemeinsam mit regionalen Partnern und der Professur f\u00fcr Vernetzte Energiesysteme des IEEH daran gearbeitet, die Energiezukunft der Stadt Wittichenau ganzheitlich neu zu denken. Wir [&hellip;]<\/p>\n","protected":false},"author":11,"featured_media":11537,"parent":0,"menu_order":0,"comment_status":"closed","ping_status":"closed","template":"page-sidebar.php","meta":{"footnotes":""},"_links":{"self":[{"href":"https:\/\/zellsys.de\/de\/wp-json\/wp\/v2\/pages\/10514"}],"collection":[{"href":"https:\/\/zellsys.de\/de\/wp-json\/wp\/v2\/pages"}],"about":[{"href":"https:\/\/zellsys.de\/de\/wp-json\/wp\/v2\/types\/page"}],"author":[{"embeddable":true,"href":"https:\/\/zellsys.de\/de\/wp-json\/wp\/v2\/users\/11"}],"replies":[{"embeddable":true,"href":"https:\/\/zellsys.de\/de\/wp-json\/wp\/v2\/comments?post=10514"}],"version-history":[{"count":86,"href":"https:\/\/zellsys.de\/de\/wp-json\/wp\/v2\/pages\/10514\/revisions"}],"predecessor-version":[{"id":12352,"href":"https:\/\/zellsys.de\/de\/wp-json\/wp\/v2\/pages\/10514\/revisions\/12352"}],"wp:featuredmedia":[{"embeddable":true,"href":"https:\/\/zellsys.de\/de\/wp-json\/wp\/v2\/media\/11537"}],"wp:attachment":[{"href":"https:\/\/zellsys.de\/de\/wp-json\/wp\/v2\/media?parent=10514"}],"curies":[{"name":"wp","href":"https:\/\/api.w.org\/{rel}","templated":true}]}}