{"id":10538,"date":"2018-06-26T13:09:44","date_gmt":"2018-06-26T13:09:44","guid":{"rendered":"https:\/\/zellsys.de\/?page_id=10538"},"modified":"2026-02-23T12:55:56","modified_gmt":"2026-02-23T12:55:56","slug":"beteiligte-institutionen","status":"publish","type":"page","link":"https:\/\/zellsys.de\/de\/institutionen\/","title":{"rendered":"Beteiligte Institutionen"},"content":{"rendered":"<p><\/p>\n<h1>Beteiligte Institutionen<\/h1>\n<p>Auf universit\u00e4rerer Seite ist die TU Dresden an diesem Forschungsvorhaben beteiligt. Unterst\u00fctzt wird das Projekt durch die Stadt Wittichenau. Seitens der Industrie wirkten die Energieversorgung Schwarze Elster GmbH, die Versorgungsbetriebe Hoyerswerda GmbH, die YADOS GmbH und die MITNETZ Strom mit.<\/p>\n<h2>Universit\u00e4ten<\/h2>\n<p>&nbsp;<\/p>\n<div class=\"wp-block-image\"><img loading=\"lazy\" decoding=\"async\" class=\"wpa-warning wpa-image-missing-alt alignleft wp-image-12334\" src=\"https:\/\/zellsys.de\/wp-content\/uploads\/TUD_Logos_final_RGB_TUD_Logo_horizontal_blau_de.png\" alt=\"Logo der TU Dresden\" width=\"391\" height=\"176\" data-warning=\"Missing alt text\" srcset=\"https:\/\/zellsys.de\/wp-content\/uploads\/TUD_Logos_final_RGB_TUD_Logo_horizontal_blau_de.png 851w, https:\/\/zellsys.de\/wp-content\/uploads\/TUD_Logos_final_RGB_TUD_Logo_horizontal_blau_de-768x346.png 768w\" sizes=\"(max-width: 391px) 100vw, 391px\" \/><\/div>\n<p>&nbsp;<\/p>\n<p>&nbsp;<\/p>\n<p>&nbsp;<\/p>\n<p>&nbsp;<\/p>\n<p>&nbsp;<\/p>\n<p>&nbsp;<\/p>\n<p>Die <strong>Technische Universit\u00e4t Dresden<\/strong> hat ihre Wurzeln in der 1828 gegr\u00fcndeten Technischen Bildungsanstalt Dresden. Heute ist sie eine Universit\u00e4t, zu der neben den Ingenieur- und Naturwissenschaften die Geistes-, Kultur- und Sozialwissenschaften sowie die Medizin geh\u00f6ren. Diese in Deutschland einmalige Vielfalt ihrer Fachgebiete verpflichtet sie, die Interdisziplinarit\u00e4t der Wissenschaften zu f\u00f6rdern und zur Integration der Wissenschaften in die Gesellschaft beizutragen.<\/p>\n<p>Weitere Informationen finden Sie hier: <a href=\"https:\/\/tu-dresden.de\/ing\/maschinenwesen\/iet\">TU Dresden<\/a><\/p>\n<p>An dem Projekt beteiligt sind die Professur f\u00fcr Geb\u00e4udeenergietechnik und W\u00e4rmeversorgung sowie die Professur f\u00fcr Elektroenergieversorgung, welche bereits seit ca. 15 Jahren intensiv im Bereich der Sektorenkopplung und vernetzten Energiesystem zusammenarbeiten.<\/p>\n<table role=\"presentation\">\n<tbody>\n<tr>\n<th style=\"text-align: center; vertical-align: middle;\" colspan=\"2\" rowspan=\"2\"><img loading=\"lazy\" decoding=\"async\" class=\"size-full wp-image-11619\" src=\"https:\/\/zellsys.de\/wp-content\/uploads\/320px-IET_Logo_High_Res.png\" alt=\"IET-Logo\" width=\"213\" height=\"66\" \/><\/th>\n<td><\/td>\n<td><strong>Institut f\u00fcr Energietechnik<\/strong><\/td>\n<\/tr>\n<tr>\n<td><\/td>\n<td><a href=\"https:\/\/tu-dresden.de\/ing\/maschinenwesen\/iet\/gewv\" target=\"_blank\" rel=\"noopener\">Professur f\u00fcr Geb\u00e4udeenergietechnik und W\u00e4rmeversorgung<\/a><\/p>\n<p>&nbsp;<\/p>\n<p>&nbsp;<\/td>\n<\/tr>\n<tr>\n<th style=\"text-align: center; vertical-align: middle;\" colspan=\"2\" rowspan=\"2\"><img loading=\"lazy\" decoding=\"async\" class=\"size-full wp-image-11558\" src=\"https:\/\/zellsys.de\/wp-content\/uploads\/IEEH-Logo-Black-512x512-1.png\" alt=\"IEEH-Logo\" width=\"100\" height=\"100\" \/><\/th>\n<td><\/td>\n<td><strong>Institut f\u00fcr Elektrische Energieversorgung und Hochspannungstechnik<\/strong><\/td>\n<\/tr>\n<tr>\n<td><\/td>\n<td><a href=\"https:\/\/tu-dresden.de\/ing\/elektrotechnik\/ieeh\/ev\" target=\"_blank\" rel=\"noopener\">Professur f\u00fcr Elektroenergieversorgung<\/a><\/p>\n<p>&nbsp;<\/p>\n<p>&nbsp;<\/td>\n<\/tr>\n<\/tbody>\n<\/table>\n<p>&nbsp;<\/p>\n<h2>Projektpartner<\/h2>\n<p><img loading=\"lazy\" decoding=\"async\" class=\"alignnone size-full wp-image-11561\" src=\"https:\/\/zellsys.de\/wp-content\/uploads\/Wittichenau_Stadtwappen.png\" alt=\"\" width=\"150\" height=\"150\" \/><\/p>\n<p><a href=\"https:\/\/wittichenau.de\/\" target=\"_blank\" rel=\"noopener\">Stadt Wittichenau<\/a><\/p>\n<p><a href=\"https:\/\/www.evse.de\/\" target=\"_blank\" rel=\"noopener\">Energieversorgung Schwarze Elster GmbH<\/a><\/p>\n<h2>Teilnehmer der Expertengruppe<\/h2>\n<p><img loading=\"lazy\" decoding=\"async\" class=\"size-full wp-image-11632\" src=\"https:\/\/zellsys.de\/wp-content\/uploads\/yados_logo.jpg\" alt=\"yados_logo\" width=\"167\" height=\"80\" \/><\/p>\n<p><a href=\"https:\/\/yados.de\/de_DE\/\" target=\"_blank\" rel=\"noopener\">YADOS<\/a><\/p>\n<p>&nbsp;<\/p>\n<p><a href=\"https:\/\/www.vgh-hy.de\/\" target=\"_blank\" rel=\"noopener\">Versorgungsbetriebe Hoyerswerde GmbH<\/a><\/p>\n<p>&nbsp;<\/p>\n<p><a href=\"https:\/\/www.krabat-milchwelt.de\/\" target=\"_blank\" rel=\"noopener\">Krabat Milchwelt<\/a><\/p>\n<p>&nbsp;<\/p>\n<p><a href=\"https:\/\/jakubetzstift.de\/\" target=\"_blank\" rel=\"noopener\">Verein(t) f\u00fcr Wittichenau<\/a><\/p>\n<p>&nbsp;<\/p>\n<div class=\"wp-block-image\"><img loading=\"lazy\" decoding=\"async\" class=\"wpa-warning wpa-image-missing-alt alignleft wp-image-12337\" src=\"https:\/\/zellsys.de\/wp-content\/uploads\/BMWE_gefoerdert_de_RGB.png\" alt=\"Logo BMWE\" width=\"172\" height=\"175\" data-warning=\"Missing alt text\" srcset=\"https:\/\/zellsys.de\/wp-content\/uploads\/BMWE_gefoerdert_de_RGB.png 850w, https:\/\/zellsys.de\/wp-content\/uploads\/BMWE_gefoerdert_de_RGB-768x782.png 768w\" sizes=\"(max-width: 172px) 100vw, 172px\" \/><\/div>\n<p>&nbsp;<\/p>\n<p>Bundesministerium f\u00fcr Wirtschaft und Klimaschutz &#8211; Die Soziale Marktwirtschaft ist die Grundlage unserer freiheitlichen, offenen und solidarischen Gesellschaft. Die zentrale Idee der Sozialen Marktwirtschaft besteht darin, die Freiheit der Wirtschaft und einen funktionierenden Wettbewerb zu sch\u00fctzen und gleichzeitig Wohlstand und soziale Sicherheit in unserem Land zu f\u00f6rdern. Um jedoch den Schutz globaler Umweltg\u00fcter wie dem Klima oder der Biodiversit\u00e4t zu gew\u00e4hrleisten, bedarf es einer grundlegenden Weiterentwicklung des deutschen, aber auch des internationalen Ordnungsrahmens. Dies ist die zentrale Aufgabe des Bundesministeriums f\u00fcr Wirtschaft und Klimaschutz.<\/p>\n<p>Weitere Informationen unter: <a href=\"https:\/\/www.bundeswirtschaftsministerium.de\/Navigation\/DE\/Home\/home.html\" target=\"_blank\" rel=\"noopener\">BMWE<\/a><\/p>","protected":false},"excerpt":{"rendered":"<p>Beteiligte Institutionen Auf universit\u00e4rerer Seite ist die TU Dresden an diesem Forschungsvorhaben beteiligt. Unterst\u00fctzt wird das Projekt durch die Stadt Wittichenau. Seitens der Industrie wirkten die Energieversorgung Schwarze Elster GmbH, die Versorgungsbetriebe Hoyerswerda GmbH, die YADOS GmbH und die MITNETZ Strom mit. Universit\u00e4ten &nbsp; &nbsp; &nbsp; &nbsp; &nbsp; &nbsp; &nbsp; Die Technische Universit\u00e4t Dresden hat [&hellip;]<\/p>\n","protected":false},"author":11,"featured_media":0,"parent":0,"menu_order":0,"comment_status":"closed","ping_status":"closed","template":"page-sidebar.php","meta":{"footnotes":""},"_links":{"self":[{"href":"https:\/\/zellsys.de\/de\/wp-json\/wp\/v2\/pages\/10538"}],"collection":[{"href":"https:\/\/zellsys.de\/de\/wp-json\/wp\/v2\/pages"}],"about":[{"href":"https:\/\/zellsys.de\/de\/wp-json\/wp\/v2\/types\/page"}],"author":[{"embeddable":true,"href":"https:\/\/zellsys.de\/de\/wp-json\/wp\/v2\/users\/11"}],"replies":[{"embeddable":true,"href":"https:\/\/zellsys.de\/de\/wp-json\/wp\/v2\/comments?post=10538"}],"version-history":[{"count":129,"href":"https:\/\/zellsys.de\/de\/wp-json\/wp\/v2\/pages\/10538\/revisions"}],"predecessor-version":[{"id":12344,"href":"https:\/\/zellsys.de\/de\/wp-json\/wp\/v2\/pages\/10538\/revisions\/12344"}],"wp:attachment":[{"href":"https:\/\/zellsys.de\/de\/wp-json\/wp\/v2\/media?parent=10538"}],"curies":[{"name":"wp","href":"https:\/\/api.w.org\/{rel}","templated":true}]}}