{"id":10905,"date":"2018-09-25T12:11:28","date_gmt":"2018-09-25T12:11:28","guid":{"rendered":"https:\/\/zellsys.de\/en\/?page_id=10905"},"modified":"2023-04-04T09:17:23","modified_gmt":"2023-04-04T09:17:23","slug":"downloads","status":"publish","type":"page","link":"https:\/\/zellsys.de\/de\/downloads\/","title":{"rendered":"Downloads"},"content":{"rendered":"<p><\/p>\n<h1>Downloads<\/h1>\n<p>Hier haben Sie Zugang zu allen projektspezifischen Downloads. Bitte beachten Sie, dass dieser Bereich in \u00f6ffentliche und interne Downloads gegliedert ist.<\/p>\n<p>Im <a href=\"https:\/\/zellsys.de\/downloads-extern\/\">\u00f6ffentlichen Bereich<\/a> werden hierbei haupts\u00e4chlich Dokumente bereitgestellt die der Aussendarstellung des Projektes dienlich sind.<\/p>\n<p>Der <a href=\"https:\/\/zellsys.de\/downloads-intern\/\">interne Bereich<\/a> ist dem entgegen nur f\u00fcr die Kommunikation der Projektpartner innerhalb des Projektes gedacht. Der Zugang zu diesem Bereich kann bei entsprechender Berechtigung, bei <a href=\"https:\/\/zellsys.de\/personen\/lars-haupt\/\">Lars Haupt<\/a> beantragt werden.<\/p>\n<p><\/p>","protected":false},"excerpt":{"rendered":"<p>Downloads Hier haben Sie Zugang zu allen projektspezifischen Downloads. Bitte beachten Sie, dass dieser Bereich in \u00f6ffentliche und interne Downloads gegliedert ist. Im \u00f6ffentlichen Bereich werden hierbei haupts\u00e4chlich Dokumente bereitgestellt die der Aussendarstellung des Projektes dienlich sind. Der interne Bereich ist dem entgegen nur f\u00fcr die Kommunikation der Projektpartner innerhalb des Projektes gedacht. Der Zugang [&hellip;]<\/p>\n","protected":false},"author":11,"featured_media":0,"parent":0,"menu_order":0,"comment_status":"closed","ping_status":"closed","template":"page-sidebar.php","meta":{"footnotes":""},"_links":{"self":[{"href":"https:\/\/zellsys.de\/de\/wp-json\/wp\/v2\/pages\/10905"}],"collection":[{"href":"https:\/\/zellsys.de\/de\/wp-json\/wp\/v2\/pages"}],"about":[{"href":"https:\/\/zellsys.de\/de\/wp-json\/wp\/v2\/types\/page"}],"author":[{"embeddable":true,"href":"https:\/\/zellsys.de\/de\/wp-json\/wp\/v2\/users\/11"}],"replies":[{"embeddable":true,"href":"https:\/\/zellsys.de\/de\/wp-json\/wp\/v2\/comments?post=10905"}],"version-history":[{"count":40,"href":"https:\/\/zellsys.de\/de\/wp-json\/wp\/v2\/pages\/10905\/revisions"}],"predecessor-version":[{"id":11541,"href":"https:\/\/zellsys.de\/de\/wp-json\/wp\/v2\/pages\/10905\/revisions\/11541"}],"wp:attachment":[{"href":"https:\/\/zellsys.de\/de\/wp-json\/wp\/v2\/media?parent=10905"}],"curies":[{"name":"wp","href":"https:\/\/api.w.org\/{rel}","templated":true}]}}