{"id":11204,"date":"2020-08-26T09:13:45","date_gmt":"2020-08-26T09:13:45","guid":{"rendered":"https:\/\/zellsys.de\/?page_id=11204"},"modified":"2020-12-02T07:38:04","modified_gmt":"2020-12-02T07:38:04","slug":"seitenuebersicht","status":"publish","type":"page","link":"https:\/\/zellsys.de\/de\/seitenuebersicht\/","title":{"rendered":"Seiten\u00fcbersicht"},"content":{"rendered":"<p><\/p>\n<h1>Seiten\u00fcbersicht<\/h1>\n<p> <div class=\"wsp-container\"><h2 class=\"wsp-pages-title\">Seiten<\/h2>\n<ul class=\"wsp-pages-list\">\n<li class=\"page_item page-item-11722\"><a href=\"https:\/\/zellsys.de\/de\/aktuelles\/\">Aktuelles<\/a><\/li>\n<li class=\"page_item page-item-10538\"><a href=\"https:\/\/zellsys.de\/de\/institutionen\/\">Beteiligte Institutionen<\/a><\/li>\n<li class=\"page_item page-item-11009\"><a href=\"https:\/\/zellsys.de\/de\/downloads-extern\/\">Downloads (extern)<\/a><\/li>\n<li class=\"page_item page-item-10915\"><a href=\"https:\/\/zellsys.de\/de\/downloads-intern\/\">Downloads (intern)<\/a><\/li>\n<li class=\"page_item page-item-11655\"><a href=\"https:\/\/zellsys.de\/de\/energieatlas\/\">Energieatlas &#8211; Geb\u00e4udescharfe Analyse in Wittichenau<\/a><\/li>\n<li class=\"page_item page-item-11069\"><a href=\"https:\/\/zellsys.de\/de\/entdecke\/\">Entdecke<\/a><\/li>\n<li class=\"page_item page-item-10664\"><a href=\"https:\/\/zellsys.de\/de\/impressum\/\">Impressum \/ Datenschutzerkl\u00e4rung \/ Barrierefreiheit<\/a><\/li>\n<li class=\"page_item page-item-11699\"><a href=\"https:\/\/zellsys.de\/de\/methodik\/\">Methodik<\/a><\/li>\n<li class=\"page_item page-item-11606 current_page_parent\"><a href=\"https:\/\/zellsys.de\/de\/beitraege\/\">Neuigkeiten<\/a><\/li>\n<li class=\"page_item page-item-11403\"><a href=\"https:\/\/zellsys.de\/de\/personen\/\">Personen<\/a><\/li>\n<li class=\"page_item page-item-11204\"><a href=\"https:\/\/zellsys.de\/de\/seitenuebersicht\/\">Seiten\u00fcbersicht<\/a><\/li>\n<li class=\"page_item page-item-10514\"><a href=\"https:\/\/zellsys.de\/de\/\">Startseite<\/a><\/li>\n<li class=\"page_item page-item-11664\"><a href=\"https:\/\/zellsys.de\/de\/zell-en-sys\/\">Zellulare Energiesysteme- Was ist das?<\/a><\/li>\n<li class=\"page_item page-item-10536\"><a href=\"https:\/\/zellsys.de\/de\/vision\/\">zum Projekt<\/a><\/li>\n<li class=\"page_item page-item-10905\"><a href=\"https:\/\/zellsys.de\/de\/downloads\/\">Downloads<\/a><\/li>\n<li class=\"page_item page-item-10550\"><a href=\"https:\/\/zellsys.de\/de\/footer\/\">Footer<\/a><\/li>\n<li class=\"page_item page-item-10898\"><a href=\"https:\/\/zellsys.de\/de\/no-access\/\">No Access<\/a><\/li>\n<li class=\"page_item page-item-11411\"><a href=\"https:\/\/zellsys.de\/de\/partner\/\">Partner<\/a><\/li>\n<\/ul>\n<h2 class=\"wsp-posts-title\">Beitr\u00e4ge nach Kategorie<\/h2>\n<ul class=\"wsp-posts-list\">\n\t<li><strong class=\"wsp-category-title\">Kategorie: <a href=\"https:\/\/zellsys.de\/de\/category\/ergebnisse\/\">Ergebnisse<\/a><\/strong>\n<ul class=\"wsp-posts-list\">\t\t<li class=\"wsp-post\"><a href=\"https:\/\/zellsys.de\/de\/kurzfassung-des-abschlussberichtes\/\">Kurzfassung des Abschlussberichtes<\/a><\/li>\n\t\t<li class=\"wsp-post\"><a href=\"https:\/\/zellsys.de\/de\/ehp\/\">Ver\u00f6ffentlichung in Euroheat &#038; Power<\/a><\/li>\n\t\t<li class=\"wsp-post\"><a href=\"https:\/\/zellsys.de\/de\/zellsys-auswertung-2befragung\/\">Auswertung 2. ZellSys &#8211; B\u00fcrgerbefragung<\/a><\/li>\n\t\t<li class=\"wsp-post\"><a href=\"https:\/\/zellsys.de\/de\/zellsys-auswertung-befragung\/\">Auswertung 1. ZellSys &#8211; B\u00fcrgerbefragung<\/a><\/li>\n<\/ul><\/li>\n\t<li><strong class=\"wsp-category-title\">Kategorie: <a href=\"https:\/\/zellsys.de\/de\/category\/information\/\">Informationen<\/a><\/strong>\n<ul class=\"wsp-posts-list\">\t\t<li class=\"wsp-post\"><a href=\"https:\/\/zellsys.de\/de\/kurzfassung-des-abschlussberichtes\/\">Kurzfassung des Abschlussberichtes<\/a><\/li>\n\t\t<li class=\"wsp-post\"><a href=\"https:\/\/zellsys.de\/de\/ehp\/\">Ver\u00f6ffentlichung in Euroheat &#038; Power<\/a><\/li>\n\t\t<li class=\"wsp-post\"><a href=\"https:\/\/zellsys.de\/de\/foerderungen\/\">\u00dcberblick \u00fcber Informationsplattformen zu Erneuerbaren Energien, F\u00f6rderungen etc.<\/a><\/li>\n\t\t<li class=\"wsp-post\"><a href=\"https:\/\/zellsys.de\/de\/wittichenau-ruestet-sich-fuer-die-energiewende-artikel-aus-der-saechsischen-zeitung\/\">Wittichenau r\u00fcstet sich f\u00fcr die Energiewende &#8211; Artikel aus der S\u00e4chsischen Zeitung<\/a><\/li>\n<\/ul><\/li>\n\t<li><strong class=\"wsp-category-title\">Kategorie: <a href=\"https:\/\/zellsys.de\/de\/category\/uncategorized\/\">Uncategorized<\/a><\/strong>\n<ul class=\"wsp-posts-list\">\t\t<li class=\"wsp-post\"><a href=\"https:\/\/zellsys.de\/de\/befragung2\/\">Ank\u00fcndigung 2. ZellSys &#8211; B\u00fcrgerbefragung<\/a><\/li>\n\t\t<li class=\"wsp-post\"><a href=\"https:\/\/zellsys.de\/de\/erinnerung-buergerversammlung-am-02-februar-in-wittichenau\/\">Erinnerung: Einladung B\u00fcrgerversammlung<\/a><\/li>\n\t\t<li class=\"wsp-post\"><a href=\"https:\/\/zellsys.de\/de\/update-buergerbefragung\/\">Update B\u00fcrgerbefragung<\/a><\/li>\n<\/ul><\/li>\n\t<li><strong class=\"wsp-category-title\">Kategorie: <a href=\"https:\/\/zellsys.de\/de\/category\/veranstaltungen\/\">Veranstaltungen<\/a><\/strong>\n<ul class=\"wsp-posts-list\">\t\t<li class=\"wsp-post\"><a href=\"https:\/\/zellsys.de\/de\/workshop-sektoruebergreifende-planung-von-energiesystemen\/\">workshop: Sektor\u00fcbergreifende Planung von Energiesystemen<\/a><\/li>\n\t\t<li class=\"wsp-post\"><a href=\"https:\/\/zellsys.de\/de\/einladung-buergerversammlung\/\">Einladung B\u00fcrgerversammlung<\/a><\/li>\n\t\t<li class=\"wsp-post\"><a href=\"https:\/\/zellsys.de\/de\/projektpraesentation-stark-in-knappenrode\/\">Projektpr\u00e4sentation STARK in Knappenrode<\/a><\/li>\n\t\t<li class=\"wsp-post\"><a href=\"https:\/\/zellsys.de\/de\/2-treffen-der-expertengruppe-des-forschungs-und-transferprojekts\/\">2. Treffen der Expertengruppe des Forschungs- und Transferprojekts<\/a><\/li>\n\t\t<li class=\"wsp-post\"><a href=\"https:\/\/zellsys.de\/de\/zellsys-buergerbefragung-2\/\">Ank\u00fcndigung B\u00fcrgerversammlung Wittichenau<\/a><\/li>\n\t\t<li class=\"wsp-post\"><a href=\"https:\/\/zellsys.de\/de\/expertengruppentreffen_1\/\">1. Treffen der Expertengruppe des Forschungs- und Transferprojekts<\/a><\/li>\n\t\t<li class=\"wsp-post\"><a href=\"https:\/\/zellsys.de\/de\/laufende-buergerbefragung-wittichenau\/\">Start ZellSys &#8211; B\u00fcrgerbefragung<\/a><\/li>\n<\/ul><\/li>\n<\/ul>\n<h2 class=\"wsp-staff-members-title\">ZellSys Personen<\/h2>\n<ul class=\"wsp-staff-members-list\">\n<li><a href=\"https:\/\/zellsys.de\/de\/pers\/marta-sophia-potyka\/\">Dipl.-Ing. Marta Sophia Potyka<\/a><\/li>\n<li><a href=\"https:\/\/zellsys.de\/de\/pers\/jan-keller\/\">Dipl.-Ing. Jan Keller<\/a><\/li>\n<li><a href=\"https:\/\/zellsys.de\/de\/pers\/prof-dr-ing-peter-schegner\/\">Prof. Dr.-Ing. Peter Schegner<\/a><\/li>\n<li><a href=\"https:\/\/zellsys.de\/de\/pers\/pauline-grun\/\">Dipl.-Wi.-Ing. Pauline Grun<\/a><\/li>\n<li><a href=\"https:\/\/zellsys.de\/de\/pers\/dr-ing-paul-seidel\/\">Dr.-Ing. Paul Seidel<\/a><\/li>\n<li><a href=\"https:\/\/zellsys.de\/de\/pers\/dr-ing-lars-haupt\/\">Dr.-Ing. Lars Haupt<\/a><\/li>\n<li><a href=\"https:\/\/zellsys.de\/de\/pers\/dipl-ing-lars-schinke\/\">Dipl.-Ing. Lars Schinke<\/a><\/li>\n<li><a href=\"https:\/\/zellsys.de\/de\/pers\/pd-dr-ing-habil-joachim-seifert\/\">Prof. Dr.-Ing. habil. Joachim Seifert<\/a><\/li>\n<\/ul>\n<h2 class=\"wsp-wpa-stats-types-title\">Stats Types<\/h2>\n<ul class=\"wsp-wpa-stats-types-list\">\n<li><a href=\"https:\/\/zellsys.de\/de\/wpa-stats-type\/android\/\">Android<\/a><\/li>\n<li><a href=\"https:\/\/zellsys.de\/de\/wpa-stats-type\/chrome\/\">Chrome<\/a><\/li>\n<li><a href=\"https:\/\/zellsys.de\/de\/wpa-stats-type\/event\/\">event<\/a><\/li>\n<li><a href=\"https:\/\/zellsys.de\/de\/wpa-stats-type\/firefox\/\">Firefox<\/a><\/li>\n<li><a href=\"https:\/\/zellsys.de\/de\/wpa-stats-type\/iphone\/\">iPhone<\/a><\/li>\n<li><a href=\"https:\/\/zellsys.de\/de\/wpa-stats-type\/linux\/\">Linux<\/a><\/li>\n<li><a href=\"https:\/\/zellsys.de\/de\/wpa-stats-type\/macintosh\/\">Macintosh<\/a><\/li>\n<li><a href=\"https:\/\/zellsys.de\/de\/wpa-stats-type\/safari\/\">Safari<\/a><\/li>\n<li><a href=\"https:\/\/zellsys.de\/de\/wpa-stats-type\/samsung-browser\/\">Samsung Browser<\/a><\/li>\n<li><a href=\"https:\/\/zellsys.de\/de\/wpa-stats-type\/unknown\/\">unknown<\/a><\/li>\n<li><a href=\"https:\/\/zellsys.de\/de\/wpa-stats-type\/view\/\">view<\/a><\/li>\n<li><a href=\"https:\/\/zellsys.de\/de\/wpa-stats-type\/windows\/\">Windows<\/a><\/li>\n<\/ul>\n<\/div><\/p>","protected":false},"excerpt":{"rendered":"<p>Seiten\u00fcbersicht<\/p>\n","protected":false},"author":10,"featured_media":0,"parent":0,"menu_order":0,"comment_status":"closed","ping_status":"closed","template":"","meta":{"footnotes":""},"_links":{"self":[{"href":"https:\/\/zellsys.de\/de\/wp-json\/wp\/v2\/pages\/11204"}],"collection":[{"href":"https:\/\/zellsys.de\/de\/wp-json\/wp\/v2\/pages"}],"about":[{"href":"https:\/\/zellsys.de\/de\/wp-json\/wp\/v2\/types\/page"}],"author":[{"embeddable":true,"href":"https:\/\/zellsys.de\/de\/wp-json\/wp\/v2\/users\/10"}],"replies":[{"embeddable":true,"href":"https:\/\/zellsys.de\/de\/wp-json\/wp\/v2\/comments?post=11204"}],"version-history":[{"count":3,"href":"https:\/\/zellsys.de\/de\/wp-json\/wp\/v2\/pages\/11204\/revisions"}],"predecessor-version":[{"id":11242,"href":"https:\/\/zellsys.de\/de\/wp-json\/wp\/v2\/pages\/11204\/revisions\/11242"}],"wp:attachment":[{"href":"https:\/\/zellsys.de\/de\/wp-json\/wp\/v2\/media?parent=11204"}],"curies":[{"name":"wp","href":"https:\/\/api.w.org\/{rel}","templated":true}]}}