{"id":11655,"date":"2023-04-13T07:07:38","date_gmt":"2023-04-13T07:07:38","guid":{"rendered":"https:\/\/zellsys.de\/de\/?page_id=11655"},"modified":"2024-12-06T09:35:44","modified_gmt":"2024-12-06T09:35:44","slug":"hintergrund","status":"publish","type":"page","link":"https:\/\/zellsys.de\/de\/energieatlas\/","title":{"rendered":"Energieatlas &#8211; Geb\u00e4udescharfe Analyse in Wittichenau"},"content":{"rendered":"<p><\/p>\n<h1>Energieatlas &#8211; Geb\u00e4udescharfe Analyse in Wittichenau<\/h1>\n<p>Zum 01. Januar 2024 trat in Deutschland das \u201eGesetz zur W\u00e4rmeplanung und zur Dekarbonisierung der W\u00e4rmenetze\u201c1 in Kraft. Mit diesem Gesetz soll eine Klimaneutralit\u00e4t der W\u00e4rmenetze bis zum Jahre 2045 erreicht werden. Das Gesetz legt fest, dass bis zum 30.06.2028 in allen Gemeinden mit weniger als 100.000 Einwohnern eine verbindliche W\u00e4rmeplanung umgesetzt werden muss. Die Erreichung der Klimaneutralit\u00e4t der W\u00e4rmenetze erfordert eine detaillierte Kenntnis der aktuellen Bedarfssituation, insbesondere bei der Planung neuer Versorgungsstrukturen mit einem hohen Anteil erneuerbarer Energien. H\u00e4ufig fehlen diese Daten, weisen keine einheitliche Qualit\u00e4t auf, sind nicht georeferenziert oder werden von den beteiligten Akteuren nicht bereitgestellt. Insbesondere im l\u00e4ndlichen Raum stellt die Beschaffung von Daten eine Herausforderung dar, da in Kleinst\u00e4dten mit weniger als 20.000 Einwohnern entweder gar keine oder nur begrenzte Daten verf\u00fcgbar sind.<\/p>\n<p>Zur Datenanalyse wird ein W\u00e4rme- und ein Elektroenergieatlas erstellt und zusammengef\u00fchrt im <em>Energieatlas<\/em>. Ziel ist es, nicht nur die kommunale W\u00e4rmeplanung zu analysieren sondern auch die elektrische Bedarfsanalyse zu ber\u00fccksichtigen und zu integrieren.<\/p>\n<p>Quellen sind hierbei frei zug\u00e4ngliche Datenbanken und Open Street-View Karten. F\u00fcr den Energieatlas werden jedem Geb\u00e4ude energetische Eigenschaften zugeordnet, wodurch eine ortsscharfe Aufl\u00f6sung m\u00f6glich wird.<\/p>\n<p>Nachfolgend ist beispielhaft der entwickelte W\u00e4rmeatlas f\u00fcr die Zelle Wittichenau als Heatmap dargestellt.<\/p>\n<hr \/>\n<div class=\"wp-block-image\">\n<p><img loading=\"lazy\" decoding=\"async\" class=\"wpa-warning wpa-image-missing-alt aligncenter wp-image-12170 size-full\" src=\"https:\/\/zellsys.de\/wp-content\/uploads\/heatmap2_stadtkern_wittichenau-scaled.jpeg\" alt=\"\" width=\"2560\" height=\"1810\" data-warning=\"Missing alt text\" srcset=\"https:\/\/zellsys.de\/wp-content\/uploads\/heatmap2_stadtkern_wittichenau-scaled.jpeg 2560w, https:\/\/zellsys.de\/wp-content\/uploads\/heatmap2_stadtkern_wittichenau-768x543.jpeg 768w, https:\/\/zellsys.de\/wp-content\/uploads\/heatmap2_stadtkern_wittichenau-1536x1086.jpeg 1536w, https:\/\/zellsys.de\/wp-content\/uploads\/heatmap2_stadtkern_wittichenau-2048x1448.jpeg 2048w\" sizes=\"(max-width: 2560px) 100vw, 2560px\" \/><\/p>\n<hr \/>\n<\/div>\n<p>Im Ergebnis wurden insgesamt 1.176 Geb\u00e4ude im W\u00e4rmeatlas f\u00fcr Wittichenau, d.h. f\u00fcr den Stadtkern Wittichenau und den Ortsteil Keula, aufgenommen, analysiert und klassifiziert.<\/p>\n<p>&nbsp;<\/p>\n<p>In einem zweiten Schritt erfolgt eine Potentialanalyse hinsichtlich der erneuerbaren Energien in der Region. Gegenstand ist die Aufstellung von PV-Systemen, Windenergieanlagen, Systemen auf Basis von Biomasse sowie Wasserkraft. Zus\u00e4tzlich erfolgt eine umfassende Recherche zur demografischen und zur wirtschaftlichen Entwicklung der Region. Alle Daten werden in drei verschiedenen Zukunftsszenarien verarbeitet.<\/p>\n<p>&nbsp;<\/p>\n<p>&nbsp;<\/p>","protected":false},"excerpt":{"rendered":"<p>Energieatlas &#8211; Geb\u00e4udescharfe Analyse in Wittichenau Zum 01. Januar 2024 trat in Deutschland das \u201eGesetz zur W\u00e4rmeplanung und zur Dekarbonisierung der W\u00e4rmenetze\u201c1 in Kraft. Mit diesem Gesetz soll eine Klimaneutralit\u00e4t der W\u00e4rmenetze bis zum Jahre 2045 erreicht werden. Das Gesetz legt fest, dass bis zum 30.06.2028 in allen Gemeinden mit weniger als 100.000 Einwohnern eine [&hellip;]<\/p>\n","protected":false},"author":40,"featured_media":0,"parent":0,"menu_order":0,"comment_status":"closed","ping_status":"closed","template":"page-sidebar.php","meta":{"footnotes":""},"_links":{"self":[{"href":"https:\/\/zellsys.de\/de\/wp-json\/wp\/v2\/pages\/11655"}],"collection":[{"href":"https:\/\/zellsys.de\/de\/wp-json\/wp\/v2\/pages"}],"about":[{"href":"https:\/\/zellsys.de\/de\/wp-json\/wp\/v2\/types\/page"}],"author":[{"embeddable":true,"href":"https:\/\/zellsys.de\/de\/wp-json\/wp\/v2\/users\/40"}],"replies":[{"embeddable":true,"href":"https:\/\/zellsys.de\/de\/wp-json\/wp\/v2\/comments?post=11655"}],"version-history":[{"count":17,"href":"https:\/\/zellsys.de\/de\/wp-json\/wp\/v2\/pages\/11655\/revisions"}],"predecessor-version":[{"id":12171,"href":"https:\/\/zellsys.de\/de\/wp-json\/wp\/v2\/pages\/11655\/revisions\/12171"}],"wp:attachment":[{"href":"https:\/\/zellsys.de\/de\/wp-json\/wp\/v2\/media?parent=11655"}],"curies":[{"name":"wp","href":"https:\/\/api.w.org\/{rel}","templated":true}]}}