{"id":11664,"date":"2023-04-13T07:50:47","date_gmt":"2023-04-13T07:50:47","guid":{"rendered":"https:\/\/zellsys.de\/de\/?page_id=11664"},"modified":"2024-09-27T08:58:57","modified_gmt":"2024-09-27T08:58:57","slug":"zellulare-energiesysteme","status":"publish","type":"page","link":"https:\/\/zellsys.de\/de\/zell-en-sys\/","title":{"rendered":"Zellulare Energiesysteme- Was ist das?"},"content":{"rendered":"<p><\/p>\n<h1>Zellulare Energiesysteme &#8211; Was ist das?<\/h1>\n<p>Ein <em>zellulares Energiesystem<\/em> ist ein Organisationsmodell f\u00fcr die Energietechnik, welches aus Energiezellen besteht. Die Energiezelle als kleinster m\u00f6glicher Baustein besteht aus einer Infrastruktur zur Energiewandlung, Energieverteilung, Energiespeicherung und Einheiten zum Energieverbrauch. Mittels eines Energiemanagementsystems ist eine Koordination der Prozesse innerhalb einer Zelle und mit Nachbarzellen m\u00f6glich (Bidirektionalit\u00e4t). Der Ausgleich zwischen Energiewandlung und Energieverbrauch wird \u00fcber unterschiedliche Energieformen organisiert. Im weiteren Sinne k\u00f6nnen zum zellularen Energiesystem auch wirtschaftliche Prozesse gez\u00e4hlt werden.[1]<\/p>\n<p>Hinsichtlich der Gr\u00f6\u00dfe einer Energiezelle gibt es keine feste Definition. Betrachtet man ein energetisches System, bei dem Fl\u00fcsse \u00fcber die Bilanzgrenzen auftreten k\u00f6nnen, so ist es sinnvoll, z.B. ein Geb\u00e4ude als repr\u00e4sentative kleine Einheit zu betrachten. Auch aus Sicht des Datenschutzes ist dies als praxistauglich einzustufen. Ausgehend von dieser Gr\u00f6\u00dfe k\u00f6nnen jedoch auch:<\/p>\n<ul>\n<li>Quartiere<\/li>\n<li>Industrieareale<\/li>\n<li>Stadt- bzw. Stadtteile<\/li>\n<\/ul>\n<p>als Energiezelle aufgefasst werden.<\/p>\n<p>Der Verbund von mehreren Zellen wird als Energiezellverbund bezeichnet. Typische Anwendungsf\u00e4lle sind hierbei Quartiersl\u00f6sungen bzw. bezogen auf die elektrische Energietechnik Systeme, die in einem Niederspannungsnetz integriert sind. Als Energiezellsystem wird der Zusammenschluss verschiedener Energiezellverb\u00fcnde bezeichnet. Kennzeichnend hierf\u00fcr sind h\u00f6here Systemebenen, wie sie z.B. im Mittelspannungsnetz sowie im Mitteldruckbereich anzutreffen sind. Mit Bezug auf die thermische Energietechnik k\u00f6nnen hierf\u00fcr gro\u00dfe Fernw\u00e4rmenetze (Prim\u00e4rsysteme) adressiert werden. Die folgende Abbildung dokumentiert die unterschiedlichen Netze zu den Bereichen \u201dEnergiezelle\u201d, \u201dEnergiezellverbund\u201d sowie \u201dEnergiezellsystem\u201d.<\/p>\n<p><div id=\"attachment_11670\" style=\"width: 902px\" class=\"wp-caption alignnone\"><img loading=\"lazy\" decoding=\"async\" aria-describedby=\"caption-attachment-11670\" class=\"size-full wp-image-11670\" src=\"https:\/\/zellsys.de\/wp-content\/uploads\/Energiezellenverbund.jpg\" alt=\"Energiezellenverbund [1]\" width=\"892\" height=\"529\" srcset=\"https:\/\/zellsys.de\/wp-content\/uploads\/Energiezellenverbund.jpg 1115w, https:\/\/zellsys.de\/wp-content\/uploads\/Energiezellenverbund-768x455.jpg 768w\" sizes=\"(max-width: 892px) 100vw, 892px\" \/><p id=\"caption-attachment-11670\" class=\"wp-caption-text\">Abb.: Energiezelle, Energiezellverbund und Energiezellsystem, Quelle: [1]<\/p><\/div>[1]:J.Seifert\/P.Schegner: Zellulare Energiesysteme, Grundlagen, Teilsysteme, M\u00e4rkte, regulatorische Rahmenbedingungen, Praxisbeispiele; VDE Verlag; ISBN: 978-3-8007-5557-8 <a href=\"https:\/\/www.vde-verlag.de\/buecher\/665557\/zellulare-energiesysteme.html?etcc_cmp=IN_BV_AW_DS&amp;gclid=CjwKCAjw0N6hBhAUEiwAXab-Tfhbn5tOJs8Bm_GVC0YH37FGWZKcjeEhXuIE5mFRXo0epg1Xyz4tyRoCKewQAvD_BwE\" target=\"_blank\" rel=\"noopener\">Link<\/a><\/p>","protected":false},"excerpt":{"rendered":"<p>Zellulare Energiesysteme &#8211; Was ist das? Ein zellulares Energiesystem ist ein Organisationsmodell f\u00fcr die Energietechnik, welches aus Energiezellen besteht. Die Energiezelle als kleinster m\u00f6glicher Baustein besteht aus einer Infrastruktur zur Energiewandlung, Energieverteilung, Energiespeicherung und Einheiten zum Energieverbrauch. Mittels eines Energiemanagementsystems ist eine Koordination der Prozesse innerhalb einer Zelle und mit Nachbarzellen m\u00f6glich (Bidirektionalit\u00e4t). Der Ausgleich [&hellip;]<\/p>\n","protected":false},"author":40,"featured_media":0,"parent":0,"menu_order":0,"comment_status":"closed","ping_status":"closed","template":"page-sidebar.php","meta":{"footnotes":""},"_links":{"self":[{"href":"https:\/\/zellsys.de\/de\/wp-json\/wp\/v2\/pages\/11664"}],"collection":[{"href":"https:\/\/zellsys.de\/de\/wp-json\/wp\/v2\/pages"}],"about":[{"href":"https:\/\/zellsys.de\/de\/wp-json\/wp\/v2\/types\/page"}],"author":[{"embeddable":true,"href":"https:\/\/zellsys.de\/de\/wp-json\/wp\/v2\/users\/40"}],"replies":[{"embeddable":true,"href":"https:\/\/zellsys.de\/de\/wp-json\/wp\/v2\/comments?post=11664"}],"version-history":[{"count":17,"href":"https:\/\/zellsys.de\/de\/wp-json\/wp\/v2\/pages\/11664\/revisions"}],"predecessor-version":[{"id":12111,"href":"https:\/\/zellsys.de\/de\/wp-json\/wp\/v2\/pages\/11664\/revisions\/12111"}],"wp:attachment":[{"href":"https:\/\/zellsys.de\/de\/wp-json\/wp\/v2\/media?parent=11664"}],"curies":[{"name":"wp","href":"https:\/\/api.w.org\/{rel}","templated":true}]}}