{"id":11722,"date":"2023-04-17T10:15:41","date_gmt":"2023-04-17T10:15:41","guid":{"rendered":"https:\/\/zellsys.de\/de\/?page_id=11722"},"modified":"2024-08-26T12:50:27","modified_gmt":"2024-08-26T12:50:27","slug":"aktuelles","status":"publish","type":"page","link":"https:\/\/zellsys.de\/de\/aktuelles\/","title":{"rendered":"Aktuelles"},"content":{"rendered":"<p><\/p>\n<h1>Aktuelles<\/h1>\n<p>\t\t<div class=\"wppsac-wrap wppsac-slick-slider-wrp wppsac-clearfix \" data-conf=\"{&quot;dots&quot;:&quot;true&quot;,&quot;arrows&quot;:&quot;true&quot;,&quot;autoplay&quot;:&quot;true&quot;,&quot;autoplay_interval&quot;:&quot;8000&quot;,&quot;speed&quot;:500,&quot;rtl&quot;:&quot;false&quot;,&quot;lazyload&quot;:&quot;&quot;}\">\r\n\t\t\t<div id=\"wppsac-post-slider-1\" class=\"wppsac-post-slider-init wppsac-post-slider design-4\">\r\n\t\t\t\t<div class=\"wppsac-post-slides\">\r\n\t<div class=\"wppsac-post-list\">\r\n\t\t<div class=\"wppsac-post-list-content\">\r\n\t\t\t\r\n\t\t\t<div class=\" wp-medium-12  wpcolumns\">\r\n\t\t\t\t\t\t\t\t<div class=\"wppsac-post-categories\"><ul class=\"wppsac-post-categories-list\"><li><a href=\"https:\/\/zellsys.de\/de\/category\/ergebnisse\/\">Ergebnisse<\/a><\/li><li><a href=\"https:\/\/zellsys.de\/de\/category\/information\/\">Informationen<\/a><\/li><\/ul><\/div>\r\n\t\t\t\t\r\n\t\t\t\t<h2 class=\"wppsac-post-title\">\r\n\t\t\t\t\t<a href=\"https:\/\/zellsys.de\/de\/kurzfassung-des-abschlussberichtes\/\">Kurzfassung des Abschlussberichtes<\/a>\r\n\t\t\t\t<\/h2>\r\n\r\n\t\t\t\t\t\t\t\t<div class=\"wppsac-post-date\">\r\n\t\t\t\t\t \r\n\t\t\t\t\t\t<span>By Paul Seidel<\/span>\r\n\t\t\t\t\t \/ Monday March 30th, 2026\t\t\t\t<\/div>\r\n\t\t\t\t\t\t\t\t<div class=\"wppsac-post-content\">\r\n\t\t\t\t\t<div class=\"wppsac-sub-content\">Der vollst\u00e4ndige Abschlussbericht unseres Projektes ZellSys wird im VDE Verlag ver\u00f6ffentlicht. Zus\u00e4tzlich haben wir eine digitale Kurzfassung des Berichtes erstellt....<\/div>\r\n\r\n\t\t\t\t\t\t\t\t\t\t<a class=\"wppsac-readmorebtn\" href=\"https:\/\/zellsys.de\/de\/kurzfassung-des-abschlussberichtes\/\">Read More<\/a>\r\n\t\t\t\t\t\t\t\t\t<\/div>\r\n\t\t\t\t\t\t\t<\/div>\r\n\t\t<\/div>\r\n\t<\/div>\r\n<\/div><div class=\"wppsac-post-slides\">\r\n\t<div class=\"wppsac-post-list\">\r\n\t\t<div class=\"wppsac-post-list-content\">\r\n\t\t\t\r\n\t\t\t<div class=\" wp-medium-12  wpcolumns\">\r\n\t\t\t\t\t\t\t\t<div class=\"wppsac-post-categories\"><ul class=\"wppsac-post-categories-list\"><li><a href=\"https:\/\/zellsys.de\/de\/category\/ergebnisse\/\">Ergebnisse<\/a><\/li><li><a href=\"https:\/\/zellsys.de\/de\/category\/information\/\">Informationen<\/a><\/li><\/ul><\/div>\r\n\t\t\t\t\r\n\t\t\t\t<h2 class=\"wppsac-post-title\">\r\n\t\t\t\t\t<a href=\"https:\/\/zellsys.de\/de\/ehp\/\">Ver\u00f6ffentlichung in Euroheat &#038; Power<\/a>\r\n\t\t\t\t<\/h2>\r\n\r\n\t\t\t\t\t\t\t\t<div class=\"wppsac-post-date\">\r\n\t\t\t\t\t \r\n\t\t\t\t\t\t<span>By Paul Seidel<\/span>\r\n\t\t\t\t\t \/ Monday March 30th, 2026\t\t\t\t<\/div>\r\n\t\t\t\t\t\t\t\t<div class=\"wppsac-post-content\">\r\n\t\t\t\t\t<div class=\"wppsac-sub-content\">Einige unserer zentralen Ergebnisse haben wir zuletzt ver\u00f6ffentlicht in: \u201eZellulare Energiesysteme \u2013 ein methodischer Ansatz zur Analyse und Auslegung\u201c Seidel,...<\/div>\r\n\r\n\t\t\t\t\t\t\t\t\t\t<a class=\"wppsac-readmorebtn\" href=\"https:\/\/zellsys.de\/de\/ehp\/\">Read More<\/a>\r\n\t\t\t\t\t\t\t\t\t<\/div>\r\n\t\t\t\t\t\t\t<\/div>\r\n\t\t<\/div>\r\n\t<\/div>\r\n<\/div><div class=\"wppsac-post-slides\">\r\n\t<div class=\"wppsac-post-list\">\r\n\t\t<div class=\"wppsac-post-list-content\">\r\n\t\t\t\t\t\t<div class=\"wp-medium-5 wpcolumns\">\r\n\t\t\t\t<div class=\"wppsac-post-image-bg\">\r\n\t\t\t\t\t<a href=\"https:\/\/zellsys.de\/de\/workshop-sektoruebergreifende-planung-von-energiesystemen\/\">\r\n\t\t\t\t\t\t<img decoding=\"async\" class=\"wppsac-post-image\"  src=\"https:\/\/zellsys.de\/wp-content\/uploads\/IMG-20250930-WA0027.jpg\" alt=\"workshop: Sektor\u00fcbergreifende Planung von Energiesystemen\" \/>\r\n\t\t\t\t\t<\/a>\r\n\t\t\t\t<\/div>\r\n\t\t\t<\/div>\r\n\t\t\t\r\n\t\t\t<div class=\" wp-medium-7  wpcolumns\">\r\n\t\t\t\t\t\t\t\t<div class=\"wppsac-post-categories\"><ul class=\"wppsac-post-categories-list\"><li><a href=\"https:\/\/zellsys.de\/de\/category\/veranstaltungen\/\">Veranstaltungen<\/a><\/li><\/ul><\/div>\r\n\t\t\t\t\r\n\t\t\t\t<h2 class=\"wppsac-post-title\">\r\n\t\t\t\t\t<a href=\"https:\/\/zellsys.de\/de\/workshop-sektoruebergreifende-planung-von-energiesystemen\/\">workshop: Sektor\u00fcbergreifende Planung von Energiesystemen<\/a>\r\n\t\t\t\t<\/h2>\r\n\r\n\t\t\t\t\t\t\t\t<div class=\"wppsac-post-date\">\r\n\t\t\t\t\t \r\n\t\t\t\t\t\t<span>By Paul Seidel<\/span>\r\n\t\t\t\t\t \/ Tuesday October  7th, 2025\t\t\t\t<\/div>\r\n\t\t\t\t\t\t\t\t<div class=\"wppsac-post-content\">\r\n\t\t\t\t\t<div class=\"wppsac-sub-content\">Sektorkopplung \u2013 aber wie? Zum Thema \u201cSektoren\u00fcbergreifende Planung von Energiesystemen \u2013 Grundlage f\u00fcr eine nachhaltige Energieversorgung\u201c fand am 26.09.2025 ein...<\/div>\r\n\r\n\t\t\t\t\t\t\t\t\t\t<a class=\"wppsac-readmorebtn\" href=\"https:\/\/zellsys.de\/de\/workshop-sektoruebergreifende-planung-von-energiesystemen\/\">Read More<\/a>\r\n\t\t\t\t\t\t\t\t\t<\/div>\r\n\t\t\t\t\t\t\t<\/div>\r\n\t\t<\/div>\r\n\t<\/div>\r\n<\/div><div class=\"wppsac-post-slides\">\r\n\t<div class=\"wppsac-post-list\">\r\n\t\t<div class=\"wppsac-post-list-content\">\r\n\t\t\t\t\t\t<div class=\"wp-medium-5 wpcolumns\">\r\n\t\t\t\t<div class=\"wppsac-post-image-bg\">\r\n\t\t\t\t\t<a href=\"https:\/\/zellsys.de\/de\/einladung-buergerversammlung\/\">\r\n\t\t\t\t\t\t<img decoding=\"async\" class=\"wppsac-post-image\"  src=\"https:\/\/zellsys.de\/wp-content\/uploads\/zellsys-banner.png\" alt=\"Einladung B\u00fcrgerversammlung\" \/>\r\n\t\t\t\t\t<\/a>\r\n\t\t\t\t<\/div>\r\n\t\t\t<\/div>\r\n\t\t\t\r\n\t\t\t<div class=\" wp-medium-7  wpcolumns\">\r\n\t\t\t\t\t\t\t\t<div class=\"wppsac-post-categories\"><ul class=\"wppsac-post-categories-list\"><li><a href=\"https:\/\/zellsys.de\/de\/category\/veranstaltungen\/\">Veranstaltungen<\/a><\/li><\/ul><\/div>\r\n\t\t\t\t\r\n\t\t\t\t<h2 class=\"wppsac-post-title\">\r\n\t\t\t\t\t<a href=\"https:\/\/zellsys.de\/de\/einladung-buergerversammlung\/\">Einladung B\u00fcrgerversammlung<\/a>\r\n\t\t\t\t<\/h2>\r\n\r\n\t\t\t\t\t\t\t\t<div class=\"wppsac-post-date\">\r\n\t\t\t\t\t \r\n\t\t\t\t\t\t<span>By Pauline Grun<\/span>\r\n\t\t\t\t\t \/ Wednesday February 26th, 2025\t\t\t\t<\/div>\r\n\t\t\t\t\t\t\t\t<div class=\"wppsac-post-content\">\r\n\t\t\t\t\t<div class=\"wppsac-sub-content\">ZellSys Wittichenau - Die Zukunft der Energieversorgung im l\u00e4ndlichen Raum &nbsp; Wir m\u00f6chten uns nochmals f\u00fcr die rege Teilnahme an...<\/div>\r\n\r\n\t\t\t\t\t\t\t\t\t\t<a class=\"wppsac-readmorebtn\" href=\"https:\/\/zellsys.de\/de\/einladung-buergerversammlung\/\">Read More<\/a>\r\n\t\t\t\t\t\t\t\t\t<\/div>\r\n\t\t\t\t\t\t\t<\/div>\r\n\t\t<\/div>\r\n\t<\/div>\r\n<\/div><div class=\"wppsac-post-slides\">\r\n\t<div class=\"wppsac-post-list\">\r\n\t\t<div class=\"wppsac-post-list-content\">\r\n\t\t\t\t\t\t<div class=\"wp-medium-5 wpcolumns\">\r\n\t\t\t\t<div class=\"wppsac-post-image-bg\">\r\n\t\t\t\t\t<a href=\"https:\/\/zellsys.de\/de\/zellsys-auswertung-2befragung\/\">\r\n\t\t\t\t\t\t<img decoding=\"async\" class=\"wppsac-post-image\"  src=\"https:\/\/zellsys.de\/wp-content\/uploads\/Umfrage.jpg\" alt=\"Auswertung 2. ZellSys &#8211; B\u00fcrgerbefragung\" \/>\r\n\t\t\t\t\t<\/a>\r\n\t\t\t\t<\/div>\r\n\t\t\t<\/div>\r\n\t\t\t\r\n\t\t\t<div class=\" wp-medium-7  wpcolumns\">\r\n\t\t\t\t\t\t\t\t<div class=\"wppsac-post-categories\"><ul class=\"wppsac-post-categories-list\"><li><a href=\"https:\/\/zellsys.de\/de\/category\/ergebnisse\/\">Ergebnisse<\/a><\/li><\/ul><\/div>\r\n\t\t\t\t\r\n\t\t\t\t<h2 class=\"wppsac-post-title\">\r\n\t\t\t\t\t<a href=\"https:\/\/zellsys.de\/de\/zellsys-auswertung-2befragung\/\">Auswertung 2. ZellSys &#8211; B\u00fcrgerbefragung<\/a>\r\n\t\t\t\t<\/h2>\r\n\r\n\t\t\t\t\t\t\t\t<div class=\"wppsac-post-date\">\r\n\t\t\t\t\t \r\n\t\t\t\t\t\t<span>By Pauline Grun<\/span>\r\n\t\t\t\t\t \/ Tuesday January 21st, 2025\t\t\t\t<\/div>\r\n\t\t\t\t\t\t\t\t<div class=\"wppsac-post-content\">\r\n\t\t\t\t\t<div class=\"wppsac-sub-content\">Im Rahmen des ZellSys-Projektes wurde vom 02.11.-20.12.2024 eine zweite B\u00fcrgerbefragung durchgef\u00fchrt. Ziel des ZellSys-Projektes ist die Entwicklung einer Machbarkeitsstudie f\u00fcr...<\/div>\r\n\r\n\t\t\t\t\t\t\t\t\t\t<a class=\"wppsac-readmorebtn\" href=\"https:\/\/zellsys.de\/de\/zellsys-auswertung-2befragung\/\">Read More<\/a>\r\n\t\t\t\t\t\t\t\t\t<\/div>\r\n\t\t\t\t\t\t\t<\/div>\r\n\t\t<\/div>\r\n\t<\/div>\r\n<\/div><div class=\"wppsac-post-slides\">\r\n\t<div class=\"wppsac-post-list\">\r\n\t\t<div class=\"wppsac-post-list-content\">\r\n\t\t\t\t\t\t<div class=\"wp-medium-5 wpcolumns\">\r\n\t\t\t\t<div class=\"wppsac-post-image-bg\">\r\n\t\t\t\t\t<a href=\"https:\/\/zellsys.de\/de\/befragung2\/\">\r\n\t\t\t\t\t\t<img decoding=\"async\" class=\"wppsac-post-image\"  src=\"https:\/\/zellsys.de\/wp-content\/uploads\/Umfrage.jpg\" alt=\"Ank\u00fcndigung 2. ZellSys &#8211; B\u00fcrgerbefragung\" \/>\r\n\t\t\t\t\t<\/a>\r\n\t\t\t\t<\/div>\r\n\t\t\t<\/div>\r\n\t\t\t\r\n\t\t\t<div class=\" wp-medium-7  wpcolumns\">\r\n\t\t\t\t\t\t\t\t<div class=\"wppsac-post-categories\"><ul class=\"wppsac-post-categories-list\"><li><a href=\"https:\/\/zellsys.de\/de\/category\/uncategorized\/\">Uncategorized<\/a><\/li><\/ul><\/div>\r\n\t\t\t\t\r\n\t\t\t\t<h2 class=\"wppsac-post-title\">\r\n\t\t\t\t\t<a href=\"https:\/\/zellsys.de\/de\/befragung2\/\">Ank\u00fcndigung 2. ZellSys &#8211; B\u00fcrgerbefragung<\/a>\r\n\t\t\t\t<\/h2>\r\n\r\n\t\t\t\t\t\t\t\t<div class=\"wppsac-post-date\">\r\n\t\t\t\t\t \r\n\t\t\t\t\t\t<span>By Pauline Grun<\/span>\r\n\t\t\t\t\t \/ Monday September 30th, 2024\t\t\t\t<\/div>\r\n\t\t\t\t\t\t\t\t<div class=\"wppsac-post-content\">\r\n\t\t\t\t\t<div class=\"wppsac-sub-content\">Die Zukunft der Energieversorgung im l\u00e4ndlichen Raum am Beispiel von Wittichenau &nbsp; Seit Oktober 2022 arbeiten Forscher der TU Dresden...<\/div>\r\n\r\n\t\t\t\t\t\t\t\t\t\t<a class=\"wppsac-readmorebtn\" href=\"https:\/\/zellsys.de\/de\/befragung2\/\">Read More<\/a>\r\n\t\t\t\t\t\t\t\t\t<\/div>\r\n\t\t\t\t\t\t\t<\/div>\r\n\t\t<\/div>\r\n\t<\/div>\r\n<\/div><div class=\"wppsac-post-slides\">\r\n\t<div class=\"wppsac-post-list\">\r\n\t\t<div class=\"wppsac-post-list-content\">\r\n\t\t\t\r\n\t\t\t<div class=\" wp-medium-12  wpcolumns\">\r\n\t\t\t\t\t\t\t\t<div class=\"wppsac-post-categories\"><ul class=\"wppsac-post-categories-list\"><li><a href=\"https:\/\/zellsys.de\/de\/category\/information\/\">Informationen<\/a><\/li><\/ul><\/div>\r\n\t\t\t\t\r\n\t\t\t\t<h2 class=\"wppsac-post-title\">\r\n\t\t\t\t\t<a href=\"https:\/\/zellsys.de\/de\/foerderungen\/\">\u00dcberblick \u00fcber Informationsplattformen zu Erneuerbaren Energien, F\u00f6rderungen etc.<\/a>\r\n\t\t\t\t<\/h2>\r\n\r\n\t\t\t\t\t\t\t\t<div class=\"wppsac-post-date\">\r\n\t\t\t\t\t \r\n\t\t\t\t\t\t<span>By Pauline Grun<\/span>\r\n\t\t\t\t\t \/ Tuesday September 24th, 2024\t\t\t\t<\/div>\r\n\t\t\t\t\t\t\t\t<div class=\"wppsac-post-content\">\r\n\t\t\t\t\t<div class=\"wppsac-sub-content\">Das Thema erneuerbare Energien und Sanierungsm\u00f6glichkeiten ist in Sachsen, wie in vielen anderen Regionen, von gro\u00dfer Bedeutung. Die Bev\u00f6lkerung hat...<\/div>\r\n\r\n\t\t\t\t\t\t\t\t\t\t<a class=\"wppsac-readmorebtn\" href=\"https:\/\/zellsys.de\/de\/foerderungen\/\">Read More<\/a>\r\n\t\t\t\t\t\t\t\t\t<\/div>\r\n\t\t\t\t\t\t\t<\/div>\r\n\t\t<\/div>\r\n\t<\/div>\r\n<\/div><div class=\"wppsac-post-slides\">\r\n\t<div class=\"wppsac-post-list\">\r\n\t\t<div class=\"wppsac-post-list-content\">\r\n\t\t\t\t\t\t<div class=\"wp-medium-5 wpcolumns\">\r\n\t\t\t\t<div class=\"wppsac-post-image-bg\">\r\n\t\t\t\t\t<a href=\"https:\/\/zellsys.de\/de\/projektpraesentation-stark-in-knappenrode\/\">\r\n\t\t\t\t\t\t<img decoding=\"async\" class=\"wppsac-post-image\"  src=\"https:\/\/zellsys.de\/wp-content\/uploads\/0da89925e9f988085fd3ce4dfb7913af.jpeg\" alt=\"Projektpr\u00e4sentation STARK in Knappenrode\" \/>\r\n\t\t\t\t\t<\/a>\r\n\t\t\t\t<\/div>\r\n\t\t\t<\/div>\r\n\t\t\t\r\n\t\t\t<div class=\" wp-medium-7  wpcolumns\">\r\n\t\t\t\t\t\t\t\t<div class=\"wppsac-post-categories\"><ul class=\"wppsac-post-categories-list\"><li><a href=\"https:\/\/zellsys.de\/de\/category\/veranstaltungen\/\">Veranstaltungen<\/a><\/li><\/ul><\/div>\r\n\t\t\t\t\r\n\t\t\t\t<h2 class=\"wppsac-post-title\">\r\n\t\t\t\t\t<a href=\"https:\/\/zellsys.de\/de\/projektpraesentation-stark-in-knappenrode\/\">Projektpr\u00e4sentation STARK in Knappenrode<\/a>\r\n\t\t\t\t<\/h2>\r\n\r\n\t\t\t\t\t\t\t\t<div class=\"wppsac-post-date\">\r\n\t\t\t\t\t \r\n\t\t\t\t\t\t<span>By Pauline Grun<\/span>\r\n\t\t\t\t\t \/ Thursday April 11th, 2024\t\t\t\t<\/div>\r\n\t\t\t\t\t\t\t\t<div class=\"wppsac-post-content\">\r\n\t\t\t\t\t<div class=\"wppsac-sub-content\">Am Montag, den 08.04.2024, waren Vertreter:innen des ZellSys-Projektteams in der Energiefabrik in Knappenrode und haben im Rahmen einer Pitch-Pr\u00e4sentation des...<\/div>\r\n\r\n\t\t\t\t\t\t\t\t\t\t<a class=\"wppsac-readmorebtn\" href=\"https:\/\/zellsys.de\/de\/projektpraesentation-stark-in-knappenrode\/\">Read More<\/a>\r\n\t\t\t\t\t\t\t\t\t<\/div>\r\n\t\t\t\t\t\t\t<\/div>\r\n\t\t<\/div>\r\n\t<\/div>\r\n<\/div><div class=\"wppsac-post-slides\">\r\n\t<div class=\"wppsac-post-list\">\r\n\t\t<div class=\"wppsac-post-list-content\">\r\n\t\t\t\t\t\t<div class=\"wp-medium-5 wpcolumns\">\r\n\t\t\t\t<div class=\"wppsac-post-image-bg\">\r\n\t\t\t\t\t<a href=\"https:\/\/zellsys.de\/de\/2-treffen-der-expertengruppe-des-forschungs-und-transferprojekts\/\">\r\n\t\t\t\t\t\t<img decoding=\"async\" class=\"wppsac-post-image\"  src=\"https:\/\/zellsys.de\/wp-content\/uploads\/buergerversammlung-1.jpg\" alt=\"2. Treffen der Expertengruppe des Forschungs- und Transferprojekts\" \/>\r\n\t\t\t\t\t<\/a>\r\n\t\t\t\t<\/div>\r\n\t\t\t<\/div>\r\n\t\t\t\r\n\t\t\t<div class=\" wp-medium-7  wpcolumns\">\r\n\t\t\t\t\t\t\t\t<div class=\"wppsac-post-categories\"><ul class=\"wppsac-post-categories-list\"><li><a href=\"https:\/\/zellsys.de\/de\/category\/veranstaltungen\/\">Veranstaltungen<\/a><\/li><\/ul><\/div>\r\n\t\t\t\t\r\n\t\t\t\t<h2 class=\"wppsac-post-title\">\r\n\t\t\t\t\t<a href=\"https:\/\/zellsys.de\/de\/2-treffen-der-expertengruppe-des-forschungs-und-transferprojekts\/\">2. Treffen der Expertengruppe des Forschungs- und Transferprojekts<\/a>\r\n\t\t\t\t<\/h2>\r\n\r\n\t\t\t\t\t\t\t\t<div class=\"wppsac-post-date\">\r\n\t\t\t\t\t \r\n\t\t\t\t\t\t<span>By Pauline Grun<\/span>\r\n\t\t\t\t\t \/ Monday February 12th, 2024\t\t\t\t<\/div>\r\n\t\t\t\t\t\t\t\t<div class=\"wppsac-post-content\">\r\n\t\t\t\t\t<div class=\"wppsac-sub-content\">&nbsp; Am Freitag, den 02. Februar 2024 fand das 2. Expertentreffen im ZellSys-Projekt statt. Ziel war es mit Expertinnen und...<\/div>\r\n\r\n\t\t\t\t\t\t\t\t\t\t<a class=\"wppsac-readmorebtn\" href=\"https:\/\/zellsys.de\/de\/2-treffen-der-expertengruppe-des-forschungs-und-transferprojekts\/\">Read More<\/a>\r\n\t\t\t\t\t\t\t\t\t<\/div>\r\n\t\t\t\t\t\t\t<\/div>\r\n\t\t<\/div>\r\n\t<\/div>\r\n<\/div><div class=\"wppsac-post-slides\">\r\n\t<div class=\"wppsac-post-list\">\r\n\t\t<div class=\"wppsac-post-list-content\">\r\n\t\t\t\t\t\t<div class=\"wp-medium-5 wpcolumns\">\r\n\t\t\t\t<div class=\"wppsac-post-image-bg\">\r\n\t\t\t\t\t<a href=\"https:\/\/zellsys.de\/de\/wittichenau-ruestet-sich-fuer-die-energiewende-artikel-aus-der-saechsischen-zeitung\/\">\r\n\t\t\t\t\t\t<img decoding=\"async\" class=\"wppsac-post-image\"  src=\"https:\/\/zellsys.de\/wp-content\/uploads\/buergerversammlung2-scaled.jpg\" alt=\"Wittichenau r\u00fcstet sich f\u00fcr die Energiewende &#8211; Artikel aus der S\u00e4chsischen Zeitung\" \/>\r\n\t\t\t\t\t<\/a>\r\n\t\t\t\t<\/div>\r\n\t\t\t<\/div>\r\n\t\t\t\r\n\t\t\t<div class=\" wp-medium-7  wpcolumns\">\r\n\t\t\t\t\t\t\t\t<div class=\"wppsac-post-categories\"><ul class=\"wppsac-post-categories-list\"><li><a href=\"https:\/\/zellsys.de\/de\/category\/information\/\">Informationen<\/a><\/li><\/ul><\/div>\r\n\t\t\t\t\r\n\t\t\t\t<h2 class=\"wppsac-post-title\">\r\n\t\t\t\t\t<a href=\"https:\/\/zellsys.de\/de\/wittichenau-ruestet-sich-fuer-die-energiewende-artikel-aus-der-saechsischen-zeitung\/\">Wittichenau r\u00fcstet sich f\u00fcr die Energiewende &#8211; Artikel aus der S\u00e4chsischen Zeitung<\/a>\r\n\t\t\t\t<\/h2>\r\n\r\n\t\t\t\t\t\t\t\t<div class=\"wppsac-post-date\">\r\n\t\t\t\t\t \r\n\t\t\t\t\t\t<span>By Pauline Grun<\/span>\r\n\t\t\t\t\t \/ Monday February 12th, 2024\t\t\t\t<\/div>\r\n\t\t\t\t\t\t\t\t<div class=\"wppsac-post-content\">\r\n\t\t\t\t\t<div class=\"wppsac-sub-content\">&nbsp; Wir m\u00f6chten uns noch einmal herzlich bei Ihnen f\u00fcr die rege Teilnahme an der von uns durchgef\u00fchrten B\u00fcrgerversammlung am...<\/div>\r\n\r\n\t\t\t\t\t\t\t\t\t\t<a class=\"wppsac-readmorebtn\" href=\"https:\/\/zellsys.de\/de\/wittichenau-ruestet-sich-fuer-die-energiewende-artikel-aus-der-saechsischen-zeitung\/\">Read More<\/a>\r\n\t\t\t\t\t\t\t\t\t<\/div>\r\n\t\t\t\t\t\t\t<\/div>\r\n\t\t<\/div>\r\n\t<\/div>\r\n<\/div>\t\t\t<\/div>\r\n\t\t<\/div>\r\n\t<\/p>","protected":false},"excerpt":{"rendered":"<p>Aktuelles<\/p>\n","protected":false},"author":10,"featured_media":0,"parent":0,"menu_order":0,"comment_status":"closed","ping_status":"closed","template":"page-sidebar.php","meta":{"footnotes":""},"_links":{"self":[{"href":"https:\/\/zellsys.de\/de\/wp-json\/wp\/v2\/pages\/11722"}],"collection":[{"href":"https:\/\/zellsys.de\/de\/wp-json\/wp\/v2\/pages"}],"about":[{"href":"https:\/\/zellsys.de\/de\/wp-json\/wp\/v2\/types\/page"}],"author":[{"embeddable":true,"href":"https:\/\/zellsys.de\/de\/wp-json\/wp\/v2\/users\/10"}],"replies":[{"embeddable":true,"href":"https:\/\/zellsys.de\/de\/wp-json\/wp\/v2\/comments?post=11722"}],"version-history":[{"count":12,"href":"https:\/\/zellsys.de\/de\/wp-json\/wp\/v2\/pages\/11722\/revisions"}],"predecessor-version":[{"id":12047,"href":"https:\/\/zellsys.de\/de\/wp-json\/wp\/v2\/pages\/11722\/revisions\/12047"}],"wp:attachment":[{"href":"https:\/\/zellsys.de\/de\/wp-json\/wp\/v2\/media?parent=11722"}],"curies":[{"name":"wp","href":"https:\/\/api.w.org\/{rel}","templated":true}]}}